{"id":391,"date":"2024-02-27T11:21:14","date_gmt":"2024-02-27T10:21:14","guid":{"rendered":"https:\/\/lestableauxdemc.com\/index.php\/mathematiques-2\/"},"modified":"2024-05-28T18:03:24","modified_gmt":"2024-05-28T16:03:24","slug":"sciences-arts-culture","status":"publish","type":"page","link":"https:\/\/lestableauxdemc.com\/index.php\/sciences-arts-culture\/","title":{"rendered":"Sciences \/ arts \/ culture"},"content":{"rendered":"<div id=\"cs-content\" class=\"cs-content\"><div class=\"x-section e391-e1 mav-0 mav-1 mav-2\"><div class=\"x-bg\" aria-hidden=\"true\"><div class=\"x-bg-layer-lower-image\" style=\" background-image: url(https:\/\/lestableauxdemc.com\/wp-content\/uploads\/2024\/01\/apropos-elements5_fond-matieres-scaled.jpg); background-repeat: repeat; background-position: center; background-size: cover;\"><\/div><\/div><div class=\"x-row x-container max width e391-e2 mav-i mav-j mav-k mav-l mav-m mav-n mav-o mav-p mav-q mav-10 mav-11\"><div class=\"x-row-inner\"><div class=\"x-col e391-e3 mav-1g mav-1h\"><div class=\"x-text x-text-headline e391-e4 mav-1t mav-1u mav-1v mav-1w mav-1x mav-1y\"><div class=\"x-text-content\"><div class=\"x-text-content-text\"><h1 class=\"x-text-content-text-primary\">Sciences \/ arts \/ culture<\/h1>\n<\/div><\/div><\/div><\/div><\/div><\/div><\/div><div class=\"x-section e391-e5 mav-0 mav-3 mav-4 mav-5 mav-6\"><div class=\"x-row e391-e6 mav-i mav-j mav-k mav-l mav-m mav-n mav-o mav-r mav-s mav-12\"><div class=\"x-row-inner\"><div class=\"x-col e391-e7 mav-1g mav-1i mav-1j mav-1k mav-1l mav-1m mav-a mav-b x-effect-exit\" data-x-effect=\"{&quot;scroll&quot;:true,&quot;offsetTop&quot;:&quot;10%&quot;,&quot;offsetBottom&quot;:&quot;10%&quot;,&quot;behaviorScroll&quot;:&quot;fire-once&quot;,&quot;animationEnter&quot;:&quot;fadeInUp&quot;,&quot;animationExit&quot;:&quot;rollOut&quot;}\"><div class=\"x-text x-text-headline e391-e8 mav-1t mav-1v mav-1w mav-1y mav-1z mav-20 mav-21\"><div class=\"x-text-content\"><div class=\"x-text-content-text\"><h1 class=\"x-text-content-text-primary\">Pr&eacute;sentation<\/h1>\n<\/div><\/div><\/div><hr class=\"x-line e391-e9 mav-25 mav-c\"\/><div class=\"x-text x-content e391-e10 mav-26 mav-27 mav-28 mav-29\"><p class=\"p1\">Maria Montessori est hors des normes de son &eacute;poque d&egrave;s son enfance, car elle s&rsquo;int&eacute;resse aux sciences, en particulier aux math&eacute;matiques, &agrave; la biologie, &agrave; la m&eacute;decine, ce qui est tr&egrave;s inhabituelle pour une fille &agrave; cette &eacute;poque. Elle &eacute;tudie m&ecirc;me &agrave; la facult&eacute; de m&eacute;decine alors que c&rsquo;&eacute;tait interdit aux filles &agrave; cette &eacute;poque. Et elle r&eacute;ussit ses &eacute;tudes&nbsp;!<\/p>\n<p class=\"p1\">Son approche de l&rsquo;&eacute;ducation des enfants handicap&eacute;s, et de la p&eacute;dagogie dans son ensemble, est, elle aussi, scientifique. Elle part de l&rsquo;observation, de l&rsquo;exp&eacute;rience, pour en d&eacute;duire des propositions de lois, des &laquo;&nbsp;v&eacute;rit&eacute;s&nbsp;&raquo;, et non le contraire, comme c&rsquo;&eacute;tait essentiellement pratiqu&eacute; &agrave; cette &eacute;poque.<\/p>\n<p class=\"p1\">La science a donc une place importante dans la vie et dans la p&eacute;dagogie de Maria Montessori.<\/p>\n<p class=\"p1\">Pour ma part, bien que scientifique de formation, j&rsquo;ai peu d&eacute;velopp&eacute; cet apprentissage avec mes enfants, par manque de temps et par priorisation des apprentissages.<\/p>\n<p class=\"p1\">Je ne partagerai donc que quelques outils en r&eacute;f&eacute;rence aux sciences. De m&ecirc;me pour les arts.&nbsp;<\/p><\/div><\/div><div class=\"x-col e391-e11 mav-1g mav-1i mav-1j mav-1k mav-1l mav-1n mav-a mav-d x-effect-exit\" data-x-effect=\"{&quot;scroll&quot;:true,&quot;offsetTop&quot;:&quot;10%&quot;,&quot;offsetBottom&quot;:&quot;10%&quot;,&quot;behaviorScroll&quot;:&quot;fire-once&quot;,&quot;animationEnter&quot;:&quot;fadeInUp&quot;,&quot;animationExit&quot;:&quot;rollOut&quot;}\"><\/div><\/div><\/div><\/div><div class=\"x-section e391-e12 mav-0 mav-5 mav-6 mav-7\"><div class=\"x-row e391-e13 mav-i mav-j mav-k mav-l mav-m mav-p mav-q mav-t mav-u mav-10 mav-13\"><div class=\"x-row-inner\"><div class=\"x-col e391-e14 mav-1g mav-1h mav-1i mav-1j mav-1o\"><div class=\"x-text x-text-headline e391-e15 mav-1t mav-1v mav-1w mav-1x mav-1y mav-1z mav-20\"><div class=\"x-text-content\"><div class=\"x-text-content-text\"><h1 class=\"x-text-content-text-primary\">Les tableaux<\/h1>\n<\/div><\/div><\/div><hr class=\"x-line e391-e16 mav-25 mav-c\"\/><div class=\"x-tabs e391-e17 mav-2f\" data-x-element-tabs=\"\"><div class=\"x-tabs-list\"><ul role=\"tablist\"><li role=\"presentation\"><button id=\"tab-e391-e18\" class=\"e391-e18 x-active\" role=\"tab\" aria-selected=\"true\" aria-controls=\"panel-e391-e18\" data-x-toggle=\"tab\" data-x-toggleable=\"tab-item-e391-e18\" data-x-toggle-group=\"tab-group-e391-e17\"><span>Sciences Arts culture<\/span><\/button><\/li><\/ul><\/div><div class=\"x-tabs-panels\"><div id=\"panel-e391-e18\" class=\"x-tabs-panel e391-e18 x-active\" role=\"tabpanel\" aria-labelledby=\"tab-e391-e18\" aria-hidden=\"false\" data-x-toggleable=\"tab-item-e391-e18\"><div class=\"x-row e391-e19 mav-i mav-k mav-m mav-n mav-o mav-p mav-q mav-v mav-w mav-10 mav-14\"><div class=\"x-row-inner\"><div class=\"x-col e391-e20 mav-1g mav-1i mav-1k mav-1p mav-1q\"><div class=\"x-text x-content e391-e21 mav-26 mav-29 mav-2a mav-2b\"><p>CE1-Pavage a\u0300 partir d'un gabarit<\/p><\/div><\/div><div class=\"x-col e391-e22 mav-1g mav-1i mav-1p mav-1q mav-1r\"><a class=\"x-anchor x-anchor-button e391-e23 mav-2g mav-2h mav-2i\" tabindex=\"0\" href=\"https:\/\/lestableauxdemc.com\/wp-content\/uploads\/2024\/05\/CE1-Pavage-a-partir-dun-gabarit.pdf\" target=\"_blank\"><div class=\"x-anchor-content\"><div class=\"x-anchor-text\"><span class=\"x-anchor-text-primary\">T\u00e9l\u00e9charger<\/span><\/div><\/div><\/a><\/div><\/div><\/div><div class=\"x-row e391-e24 mav-i mav-k mav-m mav-n mav-o mav-p mav-q mav-v mav-w mav-10 mav-15\"><div class=\"x-row-inner\"><div class=\"x-col e391-e25 mav-1g mav-1i mav-1k mav-1p mav-1q\"><div class=\"x-text x-content e391-e26 mav-26 mav-29 mav-2a mav-2b\"><p><span class=\"media-list-title\"><strong>CE1-quadrillage et mosai\u0308que<\/strong><\/span><\/p><\/div><\/div><div class=\"x-col e391-e27 mav-1g mav-1i mav-1p mav-1q mav-1r\"><a class=\"x-anchor x-anchor-button e391-e28 mav-2g mav-2h mav-2i\" tabindex=\"0\" href=\"\ufeffhttps:\/\/lestableauxdemc.com\/wp-content\/uploads\/2024\/05\/CE1-quadrillage-et-mosaique.pdf\" target=\"_blank\"><div class=\"x-anchor-content\"><div class=\"x-anchor-text\"><span class=\"x-anchor-text-primary\">T\u00e9l\u00e9charger<\/span><\/div><\/div><\/a><\/div><\/div><\/div><div class=\"x-row e391-e29 mav-i mav-k mav-m mav-n mav-o mav-p mav-q mav-v mav-w mav-10 mav-16\"><div class=\"x-row-inner\"><div class=\"x-col e391-e30 mav-1g mav-1i mav-1k mav-1p mav-1q\"><div class=\"x-text x-content e391-e31 mav-26 mav-29 mav-2a mav-2b\"><p>CE2-Les-pavages<\/p><\/div><\/div><div class=\"x-col e391-e32 mav-1g mav-1i mav-1p mav-1q mav-1r\"><a class=\"x-anchor x-anchor-button e391-e33 mav-2g mav-2h mav-2i\" tabindex=\"0\" href=\"https:\/\/lestableauxdemc.com\/wp-content\/uploads\/2024\/05\/CE2-Les-pavages-1.pdf\" target=\"_blank\"><div class=\"x-anchor-content\"><div class=\"x-anchor-text\"><span class=\"x-anchor-text-primary\">T\u00e9l\u00e9charger<\/span><\/div><\/div><\/a><\/div><\/div><\/div><div class=\"x-row e391-e34 mav-i mav-k mav-m mav-n mav-o mav-p mav-q mav-v mav-w mav-10 mav-17\"><div class=\"x-row-inner\"><div class=\"x-col e391-e35 mav-1g mav-1i mav-1k mav-1p mav-1q\"><div class=\"x-text x-content e391-e36 mav-26 mav-29 mav-2a mav-2b\"><p><span class=\"media-list-title\"><strong>CE2-La syme\u0301trie<\/strong><\/span><\/p><\/div><\/div><div class=\"x-col e391-e37 mav-1g mav-1i mav-1p mav-1q mav-1r\"><a class=\"x-anchor x-anchor-button e391-e38 mav-2g mav-2h mav-2i\" tabindex=\"0\" href=\"https:\/\/lestableauxdemc.com\/wp-content\/uploads\/2024\/05\/CE2-La-symetrie-1.pdf\" target=\"_blank\"><div class=\"x-anchor-content\"><div class=\"x-anchor-text\"><span class=\"x-anchor-text-primary\">T\u00e9l\u00e9charger<\/span><\/div><\/div><\/a><\/div><\/div><\/div><div class=\"x-row e391-e39 mav-i mav-k mav-m mav-n mav-o mav-p mav-q mav-v mav-w mav-10 mav-18\"><div class=\"x-row-inner\"><div class=\"x-col e391-e40 mav-1g mav-1i mav-1k mav-1p mav-1q\"><div class=\"x-text x-content e391-e41 mav-26 mav-29 mav-2a mav-2b\"><p><span class=\"media-list-title\"><strong>CM1-constructions ge\u0301ome\u0301triques avec compas<\/strong><\/span><\/p><\/div><\/div><div class=\"x-col e391-e42 mav-1g mav-1i mav-1p mav-1q mav-1r\"><a class=\"x-anchor x-anchor-button e391-e43 mav-2g mav-2h mav-2i\" tabindex=\"0\" href=\"https:\/\/lestableauxdemc.com\/wp-content\/uploads\/2024\/05\/CM1-constructions-geometriques-avec-compas.pdf\" target=\"_blank\"><div class=\"x-anchor-content\"><div class=\"x-anchor-text\"><span class=\"x-anchor-text-primary\">T\u00e9l\u00e9charger<\/span><\/div><\/div><\/a><\/div><\/div><\/div><div class=\"x-row e391-e44 mav-i mav-k mav-m mav-n mav-o mav-p mav-q mav-v mav-w mav-10 mav-19\"><div class=\"x-row-inner\"><div class=\"x-col e391-e45 mav-1g mav-1i mav-1k mav-1p mav-1q\"><div class=\"x-text x-content e391-e46 mav-26 mav-29 mav-2a mav-2b\"><p>CM-Dessin d&rsquo;une e\u0301toile a\u0300 5 branches avec les disques de fraction<\/p><\/div><\/div><div class=\"x-col e391-e47 mav-1g mav-1i mav-1p mav-1q mav-1r\"><a class=\"x-anchor x-anchor-button e391-e48 mav-2g mav-2h mav-2i\" tabindex=\"0\" href=\"http:\/\/lestableauxdemc.com\/wp-content\/uploads\/2024\/03\/T1-CM-Dessin-dune-etoile-a-5-branches-avec-les-disques-de-fraction.pdf\" target=\"_blank\"><div class=\"x-anchor-content\"><div class=\"x-anchor-text\"><span class=\"x-anchor-text-primary\">T\u00e9l\u00e9charger<\/span><\/div><\/div><\/a><\/div><\/div><\/div><div class=\"x-row e391-e49 mav-i mav-k mav-m mav-n mav-o mav-p mav-q mav-v mav-w mav-10 mav-1a\"><div class=\"x-row-inner\"><div class=\"x-col e391-e50 mav-1g mav-1i mav-1k mav-1p mav-1q\"><div class=\"x-text x-content e391-e51 mav-26 mav-29 mav-2a mav-2b\"><p>CM-Dessin d&rsquo;une e\u0301toile a\u0300 6 branches et rosaces avec compas<\/p><\/div><\/div><div class=\"x-col e391-e52 mav-1g mav-1i mav-1p mav-1q mav-1r\"><a class=\"x-anchor x-anchor-button e391-e53 mav-2g mav-2h mav-2i\" tabindex=\"0\" href=\"http:\/\/lestableauxdemc.com\/wp-content\/uploads\/2024\/03\/T2-CM-Dessin-dune-etoile-a-6-branches-et-rosaces-avec-compas.pdf\" target=\"_blank\"><div class=\"x-anchor-content\"><div class=\"x-anchor-text\"><span class=\"x-anchor-text-primary\">T\u00e9l\u00e9charger<\/span><\/div><\/div><\/a><\/div><\/div><\/div><\/div><\/div><\/div><\/div><\/div><\/div><\/div><div class=\"x-section e391-e54 mav-0 mav-2 mav-8\"><div class=\"x-bg\" aria-hidden=\"true\"><div class=\"x-bg-layer-lower-image\" style=\" background-image: url(https:\/\/lestableauxdemc.com\/wp-content\/uploads\/2024\/01\/homepage-elements_fond-matieres-scaled.jpg); background-repeat: repeat; background-position: center; background-size: initial;\"><\/div><\/div><div class=\"x-row x-container max width e391-e55 mav-k mav-l mav-o mav-s mav-t mav-v mav-x mav-y mav-1b mav-1c\"><div class=\"x-row-inner\"><div class=\"x-col e391-e56 mav-1g mav-1i mav-1o mav-1p mav-1s\"><div class=\"x-text x-text-headline e391-e57 mav-1t mav-1v mav-1w mav-1x mav-1y mav-1z mav-20\"><div class=\"x-text-content\"><div class=\"x-text-content-text\"><h1 class=\"x-text-content-text-primary\">Les autres mati&egrave;res<br \/>en tableaux<\/h1>\n<\/div><\/div><\/div><hr class=\"x-line e391-e58 mav-25 mav-c\"\/><div class=\"x-text x-content e391-e59 mav-26 mav-27 mav-29 mav-2b mav-2c mav-2d\"><p>D&eacute;couvrez d'autres tableaux manipulation et outils p&eacute;dagogiques rang&eacute;s par mati&egrave;re.<\/p><\/div><\/div><\/div><\/div><div class=\"x-row x-container max width e391-e60 mav-i mav-j mav-k mav-l mav-m mav-n mav-o mav-p mav-q mav-10 mav-1d\"><div class=\"x-row-inner\"><div class=\"x-col e391-e61 mav-1g mav-1h\"><div class=\"x-card is-flip-right has-not-flipped e391-e62 mav-2m mav-a mav-e mav-f x-effect-exit\" data-x-effect=\"{&quot;scroll&quot;:true,&quot;offsetTop&quot;:&quot;10%&quot;,&quot;offsetBottom&quot;:&quot;10%&quot;,&quot;behaviorScroll&quot;:&quot;fire-once&quot;,&quot;animationEnter&quot;:&quot;fadeInUp&quot;,&quot;animationExit&quot;:&quot;rollOut&quot;}\" data-x-element-card=\"\"><div class=\"x-card-faces\"><div class=\"x-card-face is-front\"><div class=\"x-text x-text-headline has-graphic mav-1t mav-1v mav-1x mav-1z mav-22 mav-23\"><div class=\"x-text-content\"><span class=\"x-graphic\" aria-hidden=\"true\"><span class=\"x-image x-graphic-child x-graphic-image x-graphic-primary\"><img decoding=\"async\" src=\"https:\/\/lestableauxdemc.com\/wp-content\/uploads\/2024\/01\/homepage-elements_sigle-matiere-1.png\" width=\"91\" height=\"91\" alt=\"Image\" loading=\"lazy\"><\/span><\/span><div class=\"x-text-content-text\"><h1 class=\"x-text-content-text-primary\"><p>\u00c9tude<br \/>\nde la langue<\/p><\/h1>\n<\/div><\/div><\/div><\/div><div class=\"x-card-face is-back\"><div class=\"x-text x-text-headline mav-1t mav-1x mav-1y mav-1z mav-23 mav-24\"><div class=\"x-text-content\"><div class=\"x-text-content-text\"><h1 class=\"x-text-content-text-primary\"><\/h1>\n<span class=\"x-text-content-text-subheadline\">Acc\u00e9dez aux tableaux d\u00e9di\u00e9s \u00e0 cette mati\u00e8re.<\/span><\/div><\/div><\/div><a class=\"x-anchor x-anchor-button mav-2h mav-2i mav-2j mav-2k\" tabindex=\"0\" href=\"https:\/\/lestableauxdemc.com\/index.php\/etude-de-la-langue\/\" rel=\"nofollow\"><div class=\"x-anchor-content\"><div class=\"x-anchor-text\"><span class=\"x-anchor-text-primary\">EN SAVOIR +<\/span><\/div><\/div><\/a><\/div><\/div><\/div><\/div><div class=\"x-col e391-e63 mav-1g mav-1h\"><div class=\"x-card is-flip-right has-not-flipped e391-e64 mav-2m mav-a mav-e mav-g x-effect-exit\" data-x-effect=\"{&quot;scroll&quot;:true,&quot;offsetTop&quot;:&quot;10%&quot;,&quot;offsetBottom&quot;:&quot;10%&quot;,&quot;behaviorScroll&quot;:&quot;fire-once&quot;,&quot;animationEnter&quot;:&quot;fadeInUp&quot;,&quot;animationExit&quot;:&quot;rollOut&quot;}\" data-x-element-card=\"\"><div class=\"x-card-faces\"><div class=\"x-card-face is-front\"><div class=\"x-text x-text-headline has-graphic mav-1t mav-1v mav-1x mav-1z mav-22 mav-23\"><div class=\"x-text-content\"><span class=\"x-graphic\" aria-hidden=\"true\"><span class=\"x-image x-graphic-child x-graphic-image x-graphic-primary\"><img decoding=\"async\" src=\"https:\/\/lestableauxdemc.com\/wp-content\/uploads\/2024\/01\/homepage-elements_sigle-matiere-1.png\" width=\"91\" height=\"91\" alt=\"Image\" loading=\"lazy\"><\/span><\/span><div class=\"x-text-content-text\"><h1 class=\"x-text-content-text-primary\"><p>Lecture \/ <b>\u00c9<\/b>criture<br \/>\n<br \/>\n<\/p><\/h1>\n<\/div><\/div><\/div><\/div><div class=\"x-card-face is-back\"><div class=\"x-text x-text-headline mav-1t mav-1x mav-1y mav-1z mav-23 mav-24\"><div class=\"x-text-content\"><div class=\"x-text-content-text\"><h1 class=\"x-text-content-text-primary\"><\/h1>\n<span class=\"x-text-content-text-subheadline\">Acc\u00e9dez aux tableaux d\u00e9di\u00e9s \u00e0 cette mati\u00e8re.<\/span><\/div><\/div><\/div><a class=\"x-anchor x-anchor-button mav-2h mav-2i mav-2j mav-2k\" tabindex=\"0\" href=\"https:\/\/lestableauxdemc.com\/index.php\/lecture-ecriture\/\"><div class=\"x-anchor-content\"><div class=\"x-anchor-text\"><span class=\"x-anchor-text-primary\">EN SAVOIR +<\/span><\/div><\/div><\/a><\/div><\/div><\/div><\/div><div class=\"x-col e391-e65 mav-1g mav-1h\"><div class=\"x-card is-flip-right has-not-flipped e391-e66 mav-2m mav-a mav-e mav-h x-effect-exit\" data-x-effect=\"{&quot;scroll&quot;:true,&quot;offsetTop&quot;:&quot;10%&quot;,&quot;offsetBottom&quot;:&quot;10%&quot;,&quot;behaviorScroll&quot;:&quot;fire-once&quot;,&quot;animationEnter&quot;:&quot;fadeInUp&quot;,&quot;animationExit&quot;:&quot;rollOut&quot;}\" data-x-element-card=\"\"><div class=\"x-card-faces\"><div class=\"x-card-face is-front\"><div class=\"x-text x-text-headline has-graphic mav-1t mav-1v mav-1x mav-1z mav-22 mav-23\"><div class=\"x-text-content\"><span class=\"x-graphic\" aria-hidden=\"true\"><span class=\"x-image x-graphic-child x-graphic-image x-graphic-primary\"><img decoding=\"async\" src=\"https:\/\/lestableauxdemc.com\/wp-content\/uploads\/2024\/01\/homepage-elements_sigle-matiere-1.png\" width=\"91\" height=\"91\" alt=\"Image\" loading=\"lazy\"><\/span><\/span><div class=\"x-text-content-text\"><h1 class=\"x-text-content-text-primary\"><p>Math\u00e9matiques<\/p>\n<p><\/p><\/h1>\n<\/div><\/div><\/div><\/div><div class=\"x-card-face is-back\"><div class=\"x-text x-text-headline mav-1t mav-1x mav-1y mav-1z mav-23 mav-24\"><div class=\"x-text-content\"><div class=\"x-text-content-text\"><h1 class=\"x-text-content-text-primary\"><\/h1>\n<span class=\"x-text-content-text-subheadline\">Acc\u00e9dez aux tableaux d\u00e9di\u00e9s \u00e0 cette mati\u00e8re.<\/span><\/div><\/div><\/div><a class=\"x-anchor x-anchor-button mav-2h mav-2i mav-2j mav-2k\" tabindex=\"0\" href=\"https:\/\/lestableauxdemc.com\/index.php\/mathematiques\/\"><div class=\"x-anchor-content\"><div class=\"x-anchor-text\"><span class=\"x-anchor-text-primary\">EN SAVOIR +<\/span><\/div><\/div><\/a><\/div><\/div><\/div><\/div><\/div><\/div><\/div><div class=\"x-section e391-e67 mav-0 mav-3 mav-6 mav-9\"><div class=\"x-row x-container max width e391-e68 mav-k mav-l mav-o mav-t mav-v mav-x mav-y mav-1b mav-1e\"><div class=\"x-row-inner\"><div class=\"x-col e391-e69 mav-1g mav-1h\"><span class=\"x-image e391-e70 mav-2n\"><img decoding=\"async\" src=\"https:\/\/lestableauxdemc.com\/wp-content\/uploads\/2024\/01\/homepage-elements_logo-footer-1.png\" width=\"1288\" height=\"214\" alt=\"Image\" loading=\"lazy\"><\/span><div class=\"x-row x-container max width e391-e71 mav-i mav-j mav-k mav-l mav-n mav-o mav-q mav-y mav-z mav-10 mav-1f\"><div class=\"x-row-inner\"><div class=\"x-col e391-e72 mav-1g mav-1h\"><div class=\"x-text x-content e391-e73 mav-26 mav-27 mav-2b mav-2c mav-2e\"><p>e-mail : <strong>mariechristine.yvon@yahoo.fr<\/strong><\/p><\/div><\/div><div class=\"x-col e391-e74 mav-1g mav-1h\"><a class=\"x-anchor x-anchor-button has-graphic e391-e75 mav-2h mav-2k mav-2l\" tabindex=\"0\" href=\"https:\/\/www.facebook.com\/les.tableaux.de.mc\"><div class=\"x-anchor-content\"><span class=\"x-graphic\" aria-hidden=\"true\"><i class=\"x-icon x-graphic-child x-graphic-icon x-graphic-primary\" aria-hidden=\"true\" data-x-icon-b=\"&#xf09a;\"><\/i><\/span><\/div><\/a><\/div><div class=\"x-col e391-e76 mav-1g mav-1h\"><div class=\"x-text x-content e391-e77 mav-26 mav-27 mav-2b mav-2c mav-2e\"><p>t&eacute;l&eacute;phone : <strong>06.19.07.65.74<\/strong><\/p><\/div><\/div><\/div><\/div><\/div><\/div><\/div><\/div><span data-x-element-responsive-text=\"{&quot;selector&quot;:&quot;.h-responsive .x-text-content-text-primary&quot;,&quot;compression&quot;:&quot;1.0&quot;,&quot;minFontSize&quot;:&quot;36px&quot;,&quot;maxFontSize&quot;:&quot;64px&quot;}\" class=\"e391-e78\"><\/span><\/div>\n","protected":false},"excerpt":{"rendered":"<p>Sciences \/ arts \/ culture Pr&eacute;sentation Maria Montessori est hors des normes de son &eacute;poque d&egrave;s son enfance, car elle s&rsquo;int&eacute;resse aux sciences, en particulier aux math&eacute;matiques, &agrave; la biologie, &agrave; la m&eacute;decine, ce qui est tr&egrave;s inhabituelle pour une fille &agrave; cette &eacute;poque. Elle &eacute;tudie m&ecirc;me &agrave; la facult&eacute; de m&eacute;decine alors que c&rsquo;&eacute;tait interdit aux filles &agrave; cette &eacute;poque. Et elle r&eacute;ussit ses &eacute;tudes&nbsp;! Son approche de l&rsquo;&eacute;ducation des enfants handicap&eacute;s, et de la p&eacute;dagogie dans son ensemble, &#8230;<\/p>\n","protected":false},"author":2,"featured_media":0,"parent":0,"menu_order":0,"comment_status":"closed","ping_status":"closed","template":"template-blank-4.php","meta":{"footnotes":""},"class_list":["post-391","page","type-page","status-publish","hentry","no-post-thumbnail"],"_links":{"self":[{"href":"https:\/\/lestableauxdemc.com\/index.php\/wp-json\/wp\/v2\/pages\/391","targetHints":{"allow":["GET"]}}],"collection":[{"href":"https:\/\/lestableauxdemc.com\/index.php\/wp-json\/wp\/v2\/pages"}],"about":[{"href":"https:\/\/lestableauxdemc.com\/index.php\/wp-json\/wp\/v2\/types\/page"}],"author":[{"embeddable":true,"href":"https:\/\/lestableauxdemc.com\/index.php\/wp-json\/wp\/v2\/users\/2"}],"replies":[{"embeddable":true,"href":"https:\/\/lestableauxdemc.com\/index.php\/wp-json\/wp\/v2\/comments?post=391"}],"version-history":[{"count":9,"href":"https:\/\/lestableauxdemc.com\/index.php\/wp-json\/wp\/v2\/pages\/391\/revisions"}],"predecessor-version":[{"id":1162,"href":"https:\/\/lestableauxdemc.com\/index.php\/wp-json\/wp\/v2\/pages\/391\/revisions\/1162"}],"wp:attachment":[{"href":"https:\/\/lestableauxdemc.com\/index.php\/wp-json\/wp\/v2\/media?parent=391"}],"curies":[{"name":"wp","href":"https:\/\/api.w.org\/{rel}","templated":true}]}}